{"id":48039,"date":"2025-09-06T07:31:57","date_gmt":"2025-09-06T05:31:57","guid":{"rendered":"https:\/\/ergonom.hr\/?post_type=product&#038;p=48039"},"modified":"2025-10-22T10:31:24","modified_gmt":"2025-10-22T08:31:24","slug":"m-italia-officedok","status":"publish","type":"product","link":"https:\/\/ergonom.hr\/hr\/product\/stolice\/pisarniski-stoli\/m-italia-officedok\/","title":{"rendered":"M Italia &#8211; OfficeDok"},"content":{"rendered":"","protected":false},"excerpt":{"rendered":"<ul>\n<li data-start=\"68\" data-end=\"96\">\n<p data-start=\"70\" data-end=\"96\">Nastavitev vi\u0161ine sede\u017ea<\/p>\n<\/li>\n<li data-start=\"97\" data-end=\"140\">\n<p data-start=\"99\" data-end=\"140\">Sede\u017e z ro\u010dajem za enostavno prena\u0161anje<\/p>\n<\/li>\n<li data-start=\"141\" data-end=\"212\">\n<p data-start=\"143\" data-end=\"212\">Naslonjalo in sede\u017e iz trdnega PP materiala sta sestavni del celote<\/p>\n<\/li>\n<li data-start=\"213\" data-end=\"256\">\n<p data-start=\"215\" data-end=\"256\">Sede\u017e na voljo z oblazinjenim podlo\u0161kom<\/p>\n<\/li>\n<li data-start=\"257\" data-end=\"294\">\n<p data-start=\"259\" data-end=\"294\">Osnova iz trdne plastike (najlon)<\/p>\n<\/li>\n<li data-start=\"295\" data-end=\"315\">\n<p data-start=\"297\" data-end=\"315\">2 godine jamstva<\/p>\n<\/li>\n<li data-start=\"316\" data-end=\"347\">\n<p data-start=\"318\" data-end=\"347\">Najve\u010dja obremenitev 130 kg<\/p>\n<\/li>\n<\/ul>","protected":false},"featured_media":48040,"template":"","meta":{"inline_featured_image":false,"spay_email":""},"product_cat":[353,352,240,230],"product_tag":[],"class_list":["post-48039","product","type-product","status-publish","has-post-thumbnail","hentry","product_cat-cakalnica","product_cat-jedilniski-stoli","product_cat-pisarniski-stoli","product_cat-stoli","description-off"],"_links":{"self":[{"href":"https:\/\/ergonom.hr\/hr\/wp-json\/wp\/v2\/product\/48039","targetHints":{"allow":["GET"]}}],"collection":[{"href":"https:\/\/ergonom.hr\/hr\/wp-json\/wp\/v2\/product"}],"about":[{"href":"https:\/\/ergonom.hr\/hr\/wp-json\/wp\/v2\/types\/product"}],"version-history":[{"count":2,"href":"https:\/\/ergonom.hr\/hr\/wp-json\/wp\/v2\/product\/48039\/revisions"}],"predecessor-version":[{"id":49080,"href":"https:\/\/ergonom.hr\/hr\/wp-json\/wp\/v2\/product\/48039\/revisions\/49080"}],"wp:featuredmedia":[{"embeddable":true,"href":"https:\/\/ergonom.hr\/hr\/wp-json\/wp\/v2\/media\/48040"}],"wp:attachment":[{"href":"https:\/\/ergonom.hr\/hr\/wp-json\/wp\/v2\/media?parent=48039"}],"wp:term":[{"taxonomy":"product_cat","embeddable":true,"href":"https:\/\/ergonom.hr\/hr\/wp-json\/wp\/v2\/product_cat?post=48039"},{"taxonomy":"product_tag","embeddable":true,"href":"https:\/\/ergonom.hr\/hr\/wp-json\/wp\/v2\/product_tag?post=48039"}],"curies":[{"name":"wp","href":"https:\/\/api.w.org\/{rel}","templated":true}]}}