{"id":48031,"date":"2025-09-06T07:22:07","date_gmt":"2025-09-06T05:22:07","guid":{"rendered":"https:\/\/ergonom.hr\/?post_type=product&#038;p=48031"},"modified":"2025-10-22T10:31:16","modified_gmt":"2025-10-22T08:31:16","slug":"m-italia-sitflex","status":"publish","type":"product","link":"https:\/\/ergonom.hr\/hr\/product\/stolice\/pisarniski-stoli\/m-italia-sitflex\/","title":{"rendered":"M Italia &#8211; SitFlex"},"content":{"rendered":"","protected":false},"excerpt":{"rendered":"<ul>\n<li data-start=\"54\" data-end=\"125\">\n<p data-start=\"56\" data-end=\"125\">Naslonjalo in sede\u017e iz trdnega PP materiala sta sestavni del celote<\/p>\n<\/li>\n<li data-start=\"126\" data-end=\"169\">\n<p data-start=\"128\" data-end=\"169\">Sede\u017e z ro\u010dajem za enostavno prena\u0161anje<\/p>\n<\/li>\n<li data-start=\"170\" data-end=\"213\">\n<p data-start=\"172\" data-end=\"213\">Sede\u017e na voljo z oblazinjenim podlo\u0161kom<\/p>\n<\/li>\n<li data-start=\"214\" data-end=\"245\">\n<p data-start=\"216\" data-end=\"245\">Mo\u017enost zlaganja do 4 kosov<\/p>\n<\/li>\n<li data-start=\"246\" data-end=\"275\">\n<p data-start=\"248\" data-end=\"275\">Noge od kromiranog \u010delika<\/p>\n<\/li>\n<li data-start=\"276\" data-end=\"296\">\n<p data-start=\"278\" data-end=\"296\">2 godine jamstva<\/p>\n<\/li>\n<li data-start=\"297\" data-end=\"328\">\n<p data-start=\"299\" data-end=\"328\">Najve\u010dja obremenitev 130 kg<\/p>\n<\/li>\n<\/ul>","protected":false},"featured_media":48032,"template":"","meta":{"inline_featured_image":false,"spay_email":""},"product_cat":[353,240,230],"product_tag":[],"class_list":["post-48031","product","type-product","status-publish","has-post-thumbnail","hentry","product_cat-cakalnica","product_cat-pisarniski-stoli","product_cat-stoli","description-off"],"_links":{"self":[{"href":"https:\/\/ergonom.hr\/hr\/wp-json\/wp\/v2\/product\/48031","targetHints":{"allow":["GET"]}}],"collection":[{"href":"https:\/\/ergonom.hr\/hr\/wp-json\/wp\/v2\/product"}],"about":[{"href":"https:\/\/ergonom.hr\/hr\/wp-json\/wp\/v2\/types\/product"}],"version-history":[{"count":2,"href":"https:\/\/ergonom.hr\/hr\/wp-json\/wp\/v2\/product\/48031\/revisions"}],"predecessor-version":[{"id":49079,"href":"https:\/\/ergonom.hr\/hr\/wp-json\/wp\/v2\/product\/48031\/revisions\/49079"}],"wp:featuredmedia":[{"embeddable":true,"href":"https:\/\/ergonom.hr\/hr\/wp-json\/wp\/v2\/media\/48032"}],"wp:attachment":[{"href":"https:\/\/ergonom.hr\/hr\/wp-json\/wp\/v2\/media?parent=48031"}],"wp:term":[{"taxonomy":"product_cat","embeddable":true,"href":"https:\/\/ergonom.hr\/hr\/wp-json\/wp\/v2\/product_cat?post=48031"},{"taxonomy":"product_tag","embeddable":true,"href":"https:\/\/ergonom.hr\/hr\/wp-json\/wp\/v2\/product_tag?post=48031"}],"curies":[{"name":"wp","href":"https:\/\/api.w.org\/{rel}","templated":true}]}}