{"id":46257,"date":"2025-08-16T13:20:14","date_gmt":"2025-08-16T11:20:14","guid":{"rendered":"https:\/\/ergonom.hr\/?post_type=product&#038;p=46257"},"modified":"2025-10-22T10:17:42","modified_gmt":"2025-10-22T08:17:42","slug":"m-italia-lineabase","status":"publish","type":"product","link":"https:\/\/ergonom.hr\/hr\/product\/stolice\/delovni-stoli\/m-italia-lineabase\/","title":{"rendered":"M Italia &#8211; LineaBase"},"content":{"rendered":"","protected":false},"excerpt":{"rendered":"<ul>\n<li data-start=\"55\" data-end=\"83\">\n<p data-start=\"57\" data-end=\"83\">Nastavitev vi\u0161ine sede\u017ea<\/p>\n<\/li>\n<li data-start=\"84\" data-end=\"135\">\n<p data-start=\"86\" data-end=\"135\">Mo\u017enost prostega uravnote\u017eenja v obmo\u010dju do 15\u00b0<\/p>\n<\/li>\n<li data-start=\"136\" data-end=\"182\">\n<p data-start=\"138\" data-end=\"182\">Mehanizem za uravnote\u017eenje vgrajen v sede\u017e<\/p>\n<\/li>\n<li data-start=\"183\" data-end=\"225\">\n<p data-start=\"185\" data-end=\"225\">Sede\u017e oblazinjen s PU ekolo\u0161kim usnjem<\/p>\n<\/li>\n<li data-start=\"226\" data-end=\"260\">\n<p data-start=\"228\" data-end=\"260\">Osnova iz poliranega aluminija<\/p>\n<\/li>\n<li data-start=\"261\" data-end=\"281\">\n<p data-start=\"263\" data-end=\"281\">2 godine jamstva<\/p>\n<\/li>\n<li data-start=\"282\" data-end=\"309\" data-is-last-node=\"\">\n<p data-start=\"284\" data-end=\"309\" data-is-last-node=\"\">Najve\u010dja nosilnost 130 kg<\/p>\n<\/li>\n<\/ul>","protected":false},"featured_media":46258,"template":"","meta":{"inline_featured_image":false,"spay_email":""},"product_cat":[254,230],"product_tag":[],"class_list":["post-46257","product","type-product","status-publish","has-post-thumbnail","hentry","product_cat-delovni-stoli","product_cat-stoli","description-off"],"_links":{"self":[{"href":"https:\/\/ergonom.hr\/hr\/wp-json\/wp\/v2\/product\/46257","targetHints":{"allow":["GET"]}}],"collection":[{"href":"https:\/\/ergonom.hr\/hr\/wp-json\/wp\/v2\/product"}],"about":[{"href":"https:\/\/ergonom.hr\/hr\/wp-json\/wp\/v2\/types\/product"}],"version-history":[{"count":3,"href":"https:\/\/ergonom.hr\/hr\/wp-json\/wp\/v2\/product\/46257\/revisions"}],"predecessor-version":[{"id":49021,"href":"https:\/\/ergonom.hr\/hr\/wp-json\/wp\/v2\/product\/46257\/revisions\/49021"}],"wp:featuredmedia":[{"embeddable":true,"href":"https:\/\/ergonom.hr\/hr\/wp-json\/wp\/v2\/media\/46258"}],"wp:attachment":[{"href":"https:\/\/ergonom.hr\/hr\/wp-json\/wp\/v2\/media?parent=46257"}],"wp:term":[{"taxonomy":"product_cat","embeddable":true,"href":"https:\/\/ergonom.hr\/hr\/wp-json\/wp\/v2\/product_cat?post=46257"},{"taxonomy":"product_tag","embeddable":true,"href":"https:\/\/ergonom.hr\/hr\/wp-json\/wp\/v2\/product_tag?post=46257"}],"curies":[{"name":"wp","href":"https:\/\/api.w.org\/{rel}","templated":true}]}}