{"id":46136,"date":"2025-08-16T08:23:45","date_gmt":"2025-08-16T06:23:45","guid":{"rendered":"https:\/\/ergonom.hr\/?post_type=product&#038;p=46136"},"modified":"2025-12-22T11:29:11","modified_gmt":"2025-12-22T10:29:11","slug":"m-italia-flexarise","status":"publish","type":"product","link":"https:\/\/ergonom.hr\/hr\/product\/stolice\/pisarniski-stoli\/m-italia-flexarise\/","title":{"rendered":"M Italia &#8211; FlexaRise"},"content":{"rendered":"","protected":false},"excerpt":{"rendered":"<article class=\"text-token-text-primary w-full focus:outline-none scroll-mt-[calc(var(--header-height)+min(200px,max(70px,20svh)))]\" dir=\"auto\" data-turn-id=\"request-689db474-6798-8332-a97b-9fa6a36425a5-14\" data-testid=\"conversation-turn-40\" data-scroll-anchor=\"true\" data-turn=\"assistant\">\n<div class=\"text-base my-auto mx-auto pb-10 [--thread-content-margin:--spacing(4)] @[37rem]:[--thread-content-margin:--spacing(6)] @[72rem]:[--thread-content-margin:--spacing(16)] px-(--thread-content-margin)\">\n<div class=\"[--thread-content-max-width:32rem] @[34rem]:[--thread-content-max-width:40rem] @[64rem]:[--thread-content-max-width:48rem] mx-auto max-w-(--thread-content-max-width) flex-1 group\/turn-messages focus-visible:outline-hidden relative flex w-full min-w-0 flex-col agent-turn\">\n<div class=\"flex max-w-full flex-col grow\">\n<div class=\"min-h-8 text-message relative flex w-full flex-col items-end gap-2 text-start break-words whitespace-normal [.text-message+&amp;]:mt-5\" dir=\"auto\" data-message-author-role=\"assistant\" data-message-id=\"0ec6d0fc-2197-41fe-9c25-21ec83eca90c\" data-message-model-slug=\"gpt-5-mini\">\n<div class=\"flex w-full flex-col gap-1 empty:hidden first:pt-[3px]\">\n<div class=\"markdown prose dark:prose-invert w-full break-words light markdown-new-styling\">\n<ul data-start=\"73\" data-end=\"467\">\n<li data-start=\"73\" data-end=\"101\">\n<p data-start=\"75\" data-end=\"101\">Nastavitev vi\u0161ine sede\u017ea<\/p>\n<\/li>\n<li data-start=\"102\" data-end=\"131\">\n<p data-start=\"104\" data-end=\"131\">Nastavitev globine sede\u017ea<\/p>\n<\/li>\n<li data-start=\"132\" data-end=\"168\">\n<p data-start=\"134\" data-end=\"168\">Nastavitev globine ledvene opore<\/p>\n<\/li>\n<li data-start=\"169\" data-end=\"198\">\n<p data-start=\"171\" data-end=\"198\">Funkcija negativnega kota<\/p>\n<\/li>\n<li data-start=\"199\" data-end=\"234\">\n<p data-start=\"201\" data-end=\"234\">4D nastavitev naslonjal za roke<\/p>\n<\/li>\n<li data-start=\"235\" data-end=\"356\">\n<p data-start=\"237\" data-end=\"356\">Asinhroni mehanizem, ki omogo\u010da neodvisno nastavljanje naslonjala in sede\u017ea ali prosto nagibanje naslonjala in sede\u017ea<\/p>\n<\/li>\n<li data-start=\"357\" data-end=\"414\">\n<p data-start=\"359\" data-end=\"414\">Osnova iz poliranega aluminija z najlonsko oja\u010ditvijo<\/p>\n<\/li>\n<li data-start=\"415\" data-end=\"435\">\n<p data-start=\"417\" data-end=\"435\">2 godine jamstva<\/p>\n<\/li>\n<li data-start=\"436\" data-end=\"467\">\n<p data-start=\"438\" data-end=\"467\">Najve\u010dja obremenitev 150 kg<\/p>\n<\/li>\n<\/ul>\n<p data-start=\"469\" data-end=\"540\">Odpornost \u010drne tkanine 26-28 proti obrabi \u2013 110.000 Martindale ciklov<\/p>\n<p data-start=\"542\" data-end=\"588\">Proizvod je u skladu sa standardom:<br data-start=\"568\" data-end=\"571\" \/>BS 5459-2:2000*<\/p>\n<ul data-start=\"590\" data-end=\"714\" data-is-last-node=\"\" data-is-only-node=\"\">\n<li data-start=\"590\" data-end=\"714\" data-is-last-node=\"\">\n<ul data-start=\"592\" data-end=\"714\" data-is-last-node=\"\">\n<li data-start=\"592\" data-end=\"714\" data-is-last-node=\"\">\n<p data-start=\"594\" data-end=\"714\" data-is-last-node=\"\">standard velja za pisarni\u0161ke stole na podstavku, namenjene uporabi oseb, te\u017ekih do 150 kg, in za uporabo do 24 ur na dan<\/p>\n<\/li>\n<\/ul>\n<\/li>\n<\/ul>\n<\/div>\n<\/div>\n<\/div>\n<\/div>\n<div class=\"flex min-h-[46px] justify-start\"><\/div>\n<div class=\"mt-3 w-full empty:hidden\">\n<div class=\"text-center\"><\/div>\n<\/div>\n<\/div>\n<\/div>\n<\/article>\n<div class=\"pointer-events-none h-px w-px\" aria-hidden=\"true\" data-edge=\"true\"><\/div>","protected":false},"featured_media":46137,"template":"","meta":{"inline_featured_image":false,"spay_email":""},"product_cat":[357,380,240,230,358],"product_tag":[],"class_list":["post-46136","product","type-product","status-publish","has-post-thumbnail","hentry","product_cat-24h-stoli","product_cat-druga-barva","product_cat-pisarniski-stoli","product_cat-stoli","product_cat-stoli-do-150kg","description-off"],"_links":{"self":[{"href":"https:\/\/ergonom.hr\/hr\/wp-json\/wp\/v2\/product\/46136","targetHints":{"allow":["GET"]}}],"collection":[{"href":"https:\/\/ergonom.hr\/hr\/wp-json\/wp\/v2\/product"}],"about":[{"href":"https:\/\/ergonom.hr\/hr\/wp-json\/wp\/v2\/types\/product"}],"version-history":[{"count":6,"href":"https:\/\/ergonom.hr\/hr\/wp-json\/wp\/v2\/product\/46136\/revisions"}],"predecessor-version":[{"id":49005,"href":"https:\/\/ergonom.hr\/hr\/wp-json\/wp\/v2\/product\/46136\/revisions\/49005"}],"wp:featuredmedia":[{"embeddable":true,"href":"https:\/\/ergonom.hr\/hr\/wp-json\/wp\/v2\/media\/46137"}],"wp:attachment":[{"href":"https:\/\/ergonom.hr\/hr\/wp-json\/wp\/v2\/media?parent=46136"}],"wp:term":[{"taxonomy":"product_cat","embeddable":true,"href":"https:\/\/ergonom.hr\/hr\/wp-json\/wp\/v2\/product_cat?post=46136"},{"taxonomy":"product_tag","embeddable":true,"href":"https:\/\/ergonom.hr\/hr\/wp-json\/wp\/v2\/product_tag?post=46136"}],"curies":[{"name":"wp","href":"https:\/\/api.w.org\/{rel}","templated":true}]}}