{"id":44842,"date":"2024-11-25T16:48:03","date_gmt":"2024-11-25T15:48:03","guid":{"rendered":"https:\/\/ergonom.hr\/?post_type=product&#038;p=44842"},"modified":"2026-01-21T15:46:50","modified_gmt":"2026-01-21T14:46:50","slug":"gamerski-stol-spyder-black","status":"publish","type":"product","link":"https:\/\/ergonom.hr\/hr\/product\/stolice\/gaming-stoli\/gamerski-stol-spyder-black\/","title":{"rendered":"Gamerska stolica Spyder crna"},"content":{"rendered":"<p><strong>Popolno udobje in sprostitev<\/strong><br \/>\nZasnovano za va\u0161o popolno udobje: Izvlecite naslon za noge, dvignite noge, nastavite nastavljivi vrtilni stol med 90\u00b0 in 135\u00b0 ter se sprostite. Debela 10 cm visoko gostota pena na sede\u017eu in naslonu za noge zagotavlja edinstveno udobje, ki ga boste ob\u010dutili skozi ves dan.<\/p>\n<p><strong>Funkcionalnost in prilagodljivost<\/strong><br \/>\nPrilagodljiv ledveni podporni sistem in naslon za glavo zmanj\u0161ata obremenitev vratu in hrbta. Sede\u017e je opremljen z nastavljivimi nasloni za roke, ki se sinhronizirajo z naslonjalom in nudijo udobno podporo va\u0161im rokama.<\/p>\n<p><strong>Eleganten in trpe\u017een dizajn<\/strong><br \/>\nSede\u017e dimenzij 54 x 51 cm ponuja izjemno udobje in prostornost. Prevleka iz mehke, enostavne za \u010di\u0161\u010denje umetne usnje je primerna za dolgotrajno uporabo, medtem ko stranski mre\u017easti deli zmanj\u0161ajo tveganje za po\u0161kodbe.<\/p>\n<p><strong>Kakovostna podlaga in kolesa<\/strong><br \/>\nOsnova stola je prestala stati\u010dni preizkus, pri katerem je obremenitev 1136 kg za eno minuto brez po\u0161kodb (test izveden pri dobavitelju). Kolesa so prestala 100.000 cikli\u010dnih testov, kar zagotavlja dolgo \u017eivljenjsko dobo in brezskrbno premikanje.<\/p>\n<p><strong>Ve\u010dnamensko in vsestransko<\/strong><br \/>\nNe glede na to, ali igrate doma ali delate v pisarni, ta ra\u010dunalni\u0161ki stol s svojim edinstvenim dizajnom popolnoma prilagaja va\u0161emu na\u010dinu dela ali zabave, da boste lahko polni energije in popolnoma osredoto\u010deni na svoje naloge.<\/p>\n<p>Izberite najbolj\u0161i stol za udobno in produktivno delovno okolje!<\/p>","protected":false},"excerpt":{"rendered":"<p>Popolno udobje in sprostitev Zasnovano za va\u0161o popolno udobje: Izvlecite naslon za noge, dvignite noge, nastavite nastavljivi vrtilni stol med 90\u00b0 in 135\u00b0 ter se sprostite. Debela 10 cm visoko gostota pena na sede\u017eu in naslonu za noge zagotavlja edinstveno udobje, ki ga boste ob\u010dutili skozi ves dan. Funkcionalnost in prilagodljivost Prilagodljiv ledveni podporni sistem&hellip;<\/p>","protected":false},"featured_media":44846,"template":"","meta":{"inline_featured_image":false,"spay_email":""},"product_cat":[234],"product_tag":[259,297],"class_list":["post-44842","product","type-product","status-publish","has-post-thumbnail","hentry","product_cat-gaming-stoli","product_tag-gamerski-stol","product_tag-gaming-stol","description-off"],"_links":{"self":[{"href":"https:\/\/ergonom.hr\/hr\/wp-json\/wp\/v2\/product\/44842","targetHints":{"allow":["GET"]}}],"collection":[{"href":"https:\/\/ergonom.hr\/hr\/wp-json\/wp\/v2\/product"}],"about":[{"href":"https:\/\/ergonom.hr\/hr\/wp-json\/wp\/v2\/types\/product"}],"version-history":[{"count":1,"href":"https:\/\/ergonom.hr\/hr\/wp-json\/wp\/v2\/product\/44842\/revisions"}],"predecessor-version":[{"id":44847,"href":"https:\/\/ergonom.hr\/hr\/wp-json\/wp\/v2\/product\/44842\/revisions\/44847"}],"wp:featuredmedia":[{"embeddable":true,"href":"https:\/\/ergonom.hr\/hr\/wp-json\/wp\/v2\/media\/44846"}],"wp:attachment":[{"href":"https:\/\/ergonom.hr\/hr\/wp-json\/wp\/v2\/media?parent=44842"}],"wp:term":[{"taxonomy":"product_cat","embeddable":true,"href":"https:\/\/ergonom.hr\/hr\/wp-json\/wp\/v2\/product_cat?post=44842"},{"taxonomy":"product_tag","embeddable":true,"href":"https:\/\/ergonom.hr\/hr\/wp-json\/wp\/v2\/product_tag?post=44842"}],"curies":[{"name":"wp","href":"https:\/\/api.w.org\/{rel}","templated":true}]}}