{"id":40598,"date":"2022-01-06T15:35:45","date_gmt":"2022-01-06T14:35:45","guid":{"rendered":"https:\/\/ergonom.hr\/?post_type=product&#038;p=40598"},"modified":"2022-09-05T17:51:00","modified_gmt":"2022-09-05T15:51:00","slug":"vecnamenski-stol-alias","status":"publish","type":"product","link":"https:\/\/ergonom.hr\/hr\/product\/sofe-i-fotelje\/vecnamenski-stol-alias\/","title":{"rendered":"Fotelja Alias"},"content":{"rendered":"<h2>Opis<\/h2>\n<ul>\n<li>Ve\u010dnamenski stol<\/li>\n<li>Oblazinjena lupina iz hladno oblikovane poliuretanske pene<\/li>\n<li>Fiksna ali po vi\u0161ini nastavljiva razli\u010dica<\/li>\n<\/ul>","protected":false},"excerpt":{"rendered":"<p>Eleganten, funkcionalen in udoben fotelj je idealen za prijetno opremljanje razli\u010dnih vrst okolij, kot so sejne sobe, dvorane, konferen\u010dne dvorane in \u010dakalnice, ter ponuja visok nivo izgleda.<\/p>\n<h4>Odaberite izme\u0111u opcija:<\/h4>","protected":false},"featured_media":40675,"template":"","meta":{"inline_featured_image":false,"spay_email":""},"product_cat":[236],"product_tag":[226,221,219,222,227],"class_list":["post-40598","product","type-product","status-publish","has-post-thumbnail","hentry","product_cat-sofe-in-fotelji","product_tag-ergonomski-stoli","product_tag-pisarniska-oprema","product_tag-pisarniski-stoli","product_tag-quadrifoglio","product_tag-stoli-za-obiskovalce","description-off"],"_links":{"self":[{"href":"https:\/\/ergonom.hr\/hr\/wp-json\/wp\/v2\/product\/40598","targetHints":{"allow":["GET"]}}],"collection":[{"href":"https:\/\/ergonom.hr\/hr\/wp-json\/wp\/v2\/product"}],"about":[{"href":"https:\/\/ergonom.hr\/hr\/wp-json\/wp\/v2\/types\/product"}],"version-history":[{"count":1,"href":"https:\/\/ergonom.hr\/hr\/wp-json\/wp\/v2\/product\/40598\/revisions"}],"predecessor-version":[{"id":43423,"href":"https:\/\/ergonom.hr\/hr\/wp-json\/wp\/v2\/product\/40598\/revisions\/43423"}],"wp:featuredmedia":[{"embeddable":true,"href":"https:\/\/ergonom.hr\/hr\/wp-json\/wp\/v2\/media\/40675"}],"wp:attachment":[{"href":"https:\/\/ergonom.hr\/hr\/wp-json\/wp\/v2\/media?parent=40598"}],"wp:term":[{"taxonomy":"product_cat","embeddable":true,"href":"https:\/\/ergonom.hr\/hr\/wp-json\/wp\/v2\/product_cat?post=40598"},{"taxonomy":"product_tag","embeddable":true,"href":"https:\/\/ergonom.hr\/hr\/wp-json\/wp\/v2\/product_tag?post=40598"}],"curies":[{"name":"wp","href":"https:\/\/api.w.org\/{rel}","templated":true}]}}